{"id":5473,"date":"2021-02-23T08:34:42","date_gmt":"2021-02-23T08:34:42","guid":{"rendered":"https:\/\/demo.casethemes.net\/intime\/?page_id=5473"},"modified":"2021-12-03T11:29:19","modified_gmt":"2021-12-03T10:29:19","slug":"demarches","status":"publish","type":"page","link":"https:\/\/www.khcontainer.be\/index.php\/demarches\/","title":{"rendered":"D\u00e9marches"},"content":{"rendered":"\t\t<div data-elementor-type=\"wp-page\" data-elementor-id=\"5473\" class=\"elementor elementor-5473\">\n\t\t\t\t\t\t\t        <section class=\"elementor-section elementor-top-section elementor-element elementor-element-ee88042 elementor-section-boxed elementor-section-height-default elementor-section-height-default\" data-id=\"ee88042\" data-element_type=\"section\">\n            \n                        <div class=\"elementor-container elementor-column-gap-default \">\n                    <div class=\"elementor-column elementor-col-100 elementor-top-column elementor-element elementor-element-995f9ba\" data-id=\"995f9ba\" data-element_type=\"column\">\n            <div class=\"elementor-widget-wrap elementor-element-populated\">\n                                <section class=\"elementor-section elementor-inner-section elementor-element elementor-element-3367c11 elementor-section-content-middle elementor-section-boxed elementor-section-height-default elementor-section-height-default\" data-id=\"3367c11\" data-element_type=\"section\">\n            \n                        <div class=\"elementor-container elementor-column-gap-extended \">\n                    <div class=\"elementor-column elementor-col-100 elementor-inner-column elementor-element elementor-element-a854f17\" data-id=\"a854f17\" data-element_type=\"column\">\n            <div class=\"elementor-widget-wrap elementor-element-populated\">\n                        \t\t<div class=\"elementor-element elementor-element-b404a85 elementor-widget elementor-widget-ct_heading\" data-id=\"b404a85\" data-element_type=\"widget\" data-widget_type=\"ct_heading.default\">\n\t\t\t\t<div class=\"elementor-widget-container\">\n\t\t\t<div class=\"ct-heading h-align- item-st-default\">\r\n\t\t\t<div class=\"item--sub-title style-default\">\r\n            <span>\r\n                Pour professionnels et particuliers            <\/span>\r\n        <\/div>\r\n\t    <h3 class=\"item--title case-animate-time st-default \" data-wow-delay=\"ms\">\r\n        <span>D\u00e9marches \u00e0 effectuer pour la location d'un container\n<\/span>    <\/h3>\r\n<\/div>\r\n\r\n\t\t<\/div>\n\t\t\t\t<\/div>\n\t\t            <\/div>\n        <\/div>\n                            <\/div>\n        <\/section>\n                    <\/div>\n        <\/div>\n                            <\/div>\n        <\/section>\n                <section class=\"elementor-section elementor-top-section elementor-element elementor-element-9d0634a elementor-section-boxed elementor-section-height-default elementor-section-height-default\" data-id=\"9d0634a\" data-element_type=\"section\">\n            \n                        <div class=\"elementor-container elementor-column-gap-default \">\n                    <div class=\"elementor-column elementor-col-100 elementor-top-column elementor-element elementor-element-352e3fb\" data-id=\"352e3fb\" data-element_type=\"column\">\n            <div class=\"elementor-widget-wrap elementor-element-populated\">\n                        \t\t<div class=\"elementor-element elementor-element-18236f6 elementor-widget elementor-widget-ct_history\" data-id=\"18236f6\" data-element_type=\"widget\" data-widget_type=\"ct_history.default\">\n\t\t\t\t<div class=\"elementor-widget-container\">\n\t\t\t    <div class=\"ct-history ct-history-carousel1 ct-slick-slider\">\r\n        <div class=\"ct-carousel-inner\">\r\n            <div class=\"ct-slick-carousel\" data-arrows=\"\" data-dots=\"\" data-pauseOnHover=\"\" data-autoplay=\"\" data-autoplaySpeed=\"5000\" data-infinite=\"\" data-speed=\"500\" data-colxs=\"1\" data-colsm=\"2\" data-colmd=\"3\" data-collg=\"3\" data-colxl=\"4\" data-dir=\"false\" data-slidesToScroll=\"1\">\r\n                                        <div class=\"slick-slide\">\r\n                            <div id=\"ct_history-18236f60\" class=\"item--inner \">\r\n                                <div class=\"ct-inline-css\"  data-css=\"\r\n                                    \">\r\n                                <\/div>\r\n                                                                    <div class=\"item--image\">\r\n                                        <div class=\"item--mask bg-image\" style=\"background-image: url(https:\/\/www.khcontainer.be\/wp-content\/uploads\/2021\/09\/etape1-113x128.jpg);\"><\/div>\r\n                                    <\/div>\r\n                                                                <div class=\"item--holder\">\r\n                                    <div class=\"item--year\">\r\n                                        <span>Etape 1<\/span>\r\n                                    <\/div>\r\n                                    <h3 class=\"item--title\">    \r\n                                        Le type de container                                    <\/h3>\r\n                                    <div class=\"item--description\">D\u00e9terminer le volume du container et le type de d\u00e9chets.\nR\u00e9server (min. 3 jours \u00e0 l&#039;avance) votre container au : +32 470 06 05 05\n<\/div>\r\n                                <\/div>\r\n                            <\/div>\r\n                        <\/div>\r\n                                        <div class=\"slick-slide\">\r\n                            <div id=\"ct_history-18236f61\" class=\"item--inner \">\r\n                                <div class=\"ct-inline-css\"  data-css=\"\r\n                                    \">\r\n                                <\/div>\r\n                                                                    <div class=\"item--image\">\r\n                                        <div class=\"item--mask bg-image\" style=\"background-image: url(https:\/\/www.khcontainer.be\/wp-content\/uploads\/2021\/09\/etape2-113x128.jpg);\"><\/div>\r\n                                    <\/div>\r\n                                                                <div class=\"item--holder\">\r\n                                    <div class=\"item--year\">\r\n                                        <span>Etape 2<\/span>\r\n                                    <\/div>\r\n                                    <h3 class=\"item--title\">    \r\n                                        L&#039;emplacement                                    <\/h3>\r\n                                    <div class=\"item--description\">Espace priv\u00e9 : S&#039;assurer que le rev\u00eatement de sol est suffisamment solide et que l&#039;espace disponible soit de min. 3m. de large et de 10m. de longueur\nVoie publique : Demander une autorisation d&#039;occupation aupr\u00e8s de la police<\/div>\r\n                                <\/div>\r\n                            <\/div>\r\n                        <\/div>\r\n                                        <div class=\"slick-slide\">\r\n                            <div id=\"ct_history-18236f62\" class=\"item--inner \">\r\n                                <div class=\"ct-inline-css\"  data-css=\"\r\n                                    \">\r\n                                <\/div>\r\n                                                                    <div class=\"item--image\">\r\n                                        <div class=\"item--mask bg-image\" style=\"background-image: url(https:\/\/www.khcontainer.be\/wp-content\/uploads\/2021\/09\/etape_3-113x128.jpg);\"><\/div>\r\n                                    <\/div>\r\n                                                                <div class=\"item--holder\">\r\n                                    <div class=\"item--year\">\r\n                                        <span>Etape 3<\/span>\r\n                                    <\/div>\r\n                                    <h3 class=\"item--title\">    \r\n                                        La r\u00e9ception                                    <\/h3>\r\n                                    <div class=\"item--description\">Etre pr\u00e9sent \u00e0 l&#039;endroit indiqu\u00e9 pour r\u00e9ceptionner le container<\/div>\r\n                                <\/div>\r\n                            <\/div>\r\n                        <\/div>\r\n                                        <div class=\"slick-slide\">\r\n                            <div id=\"ct_history-18236f63\" class=\"item--inner \">\r\n                                <div class=\"ct-inline-css\"  data-css=\"\r\n                                    \">\r\n                                <\/div>\r\n                                                                    <div class=\"item--image\">\r\n                                        <div class=\"item--mask bg-image\" style=\"background-image: url(https:\/\/www.khcontainer.be\/wp-content\/uploads\/2021\/09\/etape4-113x128.jpg);\"><\/div>\r\n                                    <\/div>\r\n                                                                <div class=\"item--holder\">\r\n                                    <div class=\"item--year\">\r\n                                        <span>Etape 4<\/span>\r\n                                    <\/div>\r\n                                    <h3 class=\"item--title\">    \r\n                                        L&#039;\u00e9vacuation                                    <\/h3>\r\n                                    <div class=\"item--description\">Nous contacter pour son \u00e9vacuation. (formuler \u00e9ventuellement une nouvelle d\u00e9pose sur site)<\/div>\r\n                                <\/div>\r\n                            <\/div>\r\n                        <\/div>\r\n                            <\/div>\r\n        <\/div>\r\n    <\/div>\r\n\t\t<\/div>\n\t\t\t\t<\/div>\n\t\t            <\/div>\n        <\/div>\n                            <\/div>\n        <\/section>\n                <section class=\"elementor-section elementor-top-section elementor-element elementor-element-6e34faf elementor-section-boxed elementor-section-height-default elementor-section-height-default\" data-id=\"6e34faf\" data-element_type=\"section\">\n            \n                        <div class=\"elementor-container elementor-column-gap-default \">\n                    <div class=\"elementor-column elementor-col-100 elementor-top-column elementor-element elementor-element-8e07457\" data-id=\"8e07457\" data-element_type=\"column\">\n            <div class=\"elementor-widget-wrap elementor-element-populated\">\n                        \t\t<div class=\"elementor-element elementor-element-a10e631 elementor-widget elementor-widget-ct_contact_info\" data-id=\"a10e631\" data-element_type=\"widget\" data-widget_type=\"ct_contact_info.default\">\n\t\t\t\t<div class=\"elementor-widget-container\">\n\t\t\t    <div class=\"ct-inline-css\"  data-css=\"\r\n        \">\r\n    <\/div>\r\n    <ul id=\"ct_contact_info-a10e631\" class=\"ct-contact-info ct-contact-info1 \" data-wow-duration=\"1.2s\">\r\n                    <li>\r\n            \t\t\t\t        <span class=\"ct-contact-icon\">\r\n\t\t                <i aria-hidden=\"true\" class=\"fas fa-info\"><\/i>\t\t                \t\t\t        <\/span>\r\n\t\t\t                                    <span class=\"ct-contact-content\">\r\n            \t   Les d\u00e9poses de container sur les propri\u00e9t\u00e9s priv\u00e9es restent toujours sous l\u2019enti\u00e8re responsabilit\u00e9 du client demandeur.<br>\nV\u00e9rifier le rev\u00eatement du sol :\nPas de d\u00e9pose d\u2019un container sur une pelouse, ni sur de la terre : risque d\u2019embourbement !<br>\nD\u00e9pose d\u2019un container sur la voie publique = demande d\u2019autorisation de police obligatoire effectu\u00e9e par le demandeur.<br>\nUne attention particuli\u00e8re doit \u00eatre prise si votre rue est r\u00e9gie par un stationnement alternatif.\n                <\/span>\r\n           <\/li>\r\n            <\/ul>\r\n\t\t<\/div>\n\t\t\t\t<\/div>\n\t\t            <\/div>\n        <\/div>\n                            <\/div>\n        <\/section>\n        \t\t\t\t\t<\/div>\n\t\t","protected":false},"excerpt":{"rendered":"<p>Pour professionnels et particuliers D\u00e9marches \u00e0 effectuer pour la location d&#8217;un container Etape 1 Le type de container D\u00e9terminer le volume du container et le type de d\u00e9chets. R\u00e9server (min. 3 jours \u00e0 l&#039;avance) votre container au : +32 470 06 05 05 Etape 2 L&#039;emplacement Espace priv\u00e9 : S&#039;assurer que le rev\u00eatement de sol [&hellip;]<\/p>\n","protected":false},"author":1,"featured_media":0,"parent":0,"menu_order":0,"comment_status":"closed","ping_status":"closed","template":"","meta":[],"_links":{"self":[{"href":"https:\/\/www.khcontainer.be\/index.php\/wp-json\/wp\/v2\/pages\/5473"}],"collection":[{"href":"https:\/\/www.khcontainer.be\/index.php\/wp-json\/wp\/v2\/pages"}],"about":[{"href":"https:\/\/www.khcontainer.be\/index.php\/wp-json\/wp\/v2\/types\/page"}],"author":[{"embeddable":true,"href":"https:\/\/www.khcontainer.be\/index.php\/wp-json\/wp\/v2\/users\/1"}],"replies":[{"embeddable":true,"href":"https:\/\/www.khcontainer.be\/index.php\/wp-json\/wp\/v2\/comments?post=5473"}],"version-history":[{"count":40,"href":"https:\/\/www.khcontainer.be\/index.php\/wp-json\/wp\/v2\/pages\/5473\/revisions"}],"predecessor-version":[{"id":7113,"href":"https:\/\/www.khcontainer.be\/index.php\/wp-json\/wp\/v2\/pages\/5473\/revisions\/7113"}],"wp:attachment":[{"href":"https:\/\/www.khcontainer.be\/index.php\/wp-json\/wp\/v2\/media?parent=5473"}],"curies":[{"name":"wp","href":"https:\/\/api.w.org\/{rel}","templated":true}]}}